{"id":3323,"date":"2024-07-17T12:04:29","date_gmt":"2024-07-17T11:04:29","guid":{"rendered":"https:\/\/festivalinternacionalclownbaret.com\/?page_id=3323"},"modified":"2024-07-17T12:04:29","modified_gmt":"2024-07-17T11:04:29","slug":"payasos-en-ruta-teatro-circo-de-marte","status":"publish","type":"page","link":"https:\/\/festivalinternacionalclownbaret.com\/en\/payasos-en-ruta-teatro-circo-de-marte\/","title":{"rendered":"Payasos en ruta Teatro Circo De Marte"},"content":{"rendered":"","protected":false},"excerpt":{"rendered":"","protected":false},"author":94859360,"featured_media":0,"parent":0,"menu_order":25,"comment_status":"closed","ping_status":"closed","template":"","meta":{"_crdt_document":"","jetpack_post_was_ever_published":false,"footnotes":""},"ubicacion":[],"class_list":["post-3323","page","type-page","status-publish","hentry"],"yoast_head":"<!-- This site is optimized with the Yoast SEO plugin v27.3 - https:\/\/yoast.com\/product\/yoast-seo-wordpress\/ -->\n<title>Payasos en ruta Teatro Circo De Marte - FIC2025<\/title>\n<meta name=\"robots\" content=\"index, follow, max-snippet:-1, max-image-preview:large, max-video-preview:-1\" \/>\n<link rel=\"canonical\" href=\"https:\/\/festivalinternacionalclownbaret.com\/en\/payasos-en-ruta-teatro-circo-de-marte\/\" \/>\n<meta property=\"og:locale\" content=\"en_GB\" \/>\n<meta property=\"og:type\" content=\"article\" \/>\n<meta property=\"og:title\" content=\"Payasos en ruta Teatro Circo De Marte - FIC2025\" \/>\n<meta property=\"og:url\" content=\"https:\/\/festivalinternacionalclownbaret.com\/en\/payasos-en-ruta-teatro-circo-de-marte\/\" \/>\n<meta property=\"og:site_name\" content=\"FIC2025\" \/>\n<meta property=\"article:publisher\" content=\"https:\/\/www.facebook.com\/FIClownbaret\/\" \/>\n<meta name=\"twitter:card\" content=\"summary_large_image\" \/>\n<script type=\"application\/ld+json\" class=\"yoast-schema-graph\">{\"@context\":\"https:\\\/\\\/schema.org\",\"@graph\":[{\"@type\":\"WebPage\",\"@id\":\"https:\\\/\\\/festivalinternacionalclownbaret.com\\\/payasos-en-ruta-teatro-circo-de-marte\\\/\",\"url\":\"https:\\\/\\\/festivalinternacionalclownbaret.com\\\/payasos-en-ruta-teatro-circo-de-marte\\\/\",\"name\":\"Payasos en ruta Teatro Circo De Marte - FIC2025\",\"isPartOf\":{\"@id\":\"https:\\\/\\\/festivalinternacionalclownbaret.com\\\/#website\"},\"datePublished\":\"2024-07-17T11:04:29+00:00\",\"breadcrumb\":{\"@id\":\"https:\\\/\\\/festivalinternacionalclownbaret.com\\\/payasos-en-ruta-teatro-circo-de-marte\\\/#breadcrumb\"},\"inLanguage\":\"en-GB\",\"potentialAction\":[{\"@type\":\"ReadAction\",\"target\":[\"https:\\\/\\\/festivalinternacionalclownbaret.com\\\/payasos-en-ruta-teatro-circo-de-marte\\\/\"]}]},{\"@type\":\"BreadcrumbList\",\"@id\":\"https:\\\/\\\/festivalinternacionalclownbaret.com\\\/payasos-en-ruta-teatro-circo-de-marte\\\/#breadcrumb\",\"itemListElement\":[{\"@type\":\"ListItem\",\"position\":1,\"name\":\"Portada\",\"item\":\"https:\\\/\\\/festivalinternacionalclownbaret.com\\\/\"},{\"@type\":\"ListItem\",\"position\":2,\"name\":\"Payasos en ruta Teatro Circo De Marte\"}]},{\"@type\":\"WebSite\",\"@id\":\"https:\\\/\\\/festivalinternacionalclownbaret.com\\\/#website\",\"url\":\"https:\\\/\\\/festivalinternacionalclownbaret.com\\\/\",\"name\":\"FIC2025\",\"description\":\"XIX Festival Internacional Clownbaret\",\"publisher\":{\"@id\":\"https:\\\/\\\/festivalinternacionalclownbaret.com\\\/#organization\"},\"potentialAction\":[{\"@type\":\"SearchAction\",\"target\":{\"@type\":\"EntryPoint\",\"urlTemplate\":\"https:\\\/\\\/festivalinternacionalclownbaret.com\\\/?s={search_term_string}\"},\"query-input\":{\"@type\":\"PropertyValueSpecification\",\"valueRequired\":true,\"valueName\":\"search_term_string\"}}],\"inLanguage\":\"en-GB\"},{\"@type\":\"Organization\",\"@id\":\"https:\\\/\\\/festivalinternacionalclownbaret.com\\\/#organization\",\"name\":\"FIC2025\",\"url\":\"https:\\\/\\\/festivalinternacionalclownbaret.com\\\/\",\"logo\":{\"@type\":\"ImageObject\",\"inLanguage\":\"en-GB\",\"@id\":\"https:\\\/\\\/festivalinternacionalclownbaret.com\\\/#\\\/schema\\\/logo\\\/image\\\/\",\"url\":\"\",\"contentUrl\":\"\",\"caption\":\"FIC2025\"},\"image\":{\"@id\":\"https:\\\/\\\/festivalinternacionalclownbaret.com\\\/#\\\/schema\\\/logo\\\/image\\\/\"},\"sameAs\":[\"https:\\\/\\\/www.facebook.com\\\/FIClownbaret\\\/\"]}]}<\/script>\n<!-- \/ Yoast SEO plugin. -->","yoast_head_json":{"title":"Payasos en ruta Teatro Circo De Marte - FIC2025","robots":{"index":"index","follow":"follow","max-snippet":"max-snippet:-1","max-image-preview":"max-image-preview:large","max-video-preview":"max-video-preview:-1"},"canonical":"https:\/\/festivalinternacionalclownbaret.com\/en\/payasos-en-ruta-teatro-circo-de-marte\/","og_locale":"en_GB","og_type":"article","og_title":"Payasos en ruta Teatro Circo De Marte - FIC2025","og_url":"https:\/\/festivalinternacionalclownbaret.com\/en\/payasos-en-ruta-teatro-circo-de-marte\/","og_site_name":"FIC2025","article_publisher":"https:\/\/www.facebook.com\/FIClownbaret\/","twitter_card":"summary_large_image","schema":{"@context":"https:\/\/schema.org","@graph":[{"@type":"WebPage","@id":"https:\/\/festivalinternacionalclownbaret.com\/payasos-en-ruta-teatro-circo-de-marte\/","url":"https:\/\/festivalinternacionalclownbaret.com\/payasos-en-ruta-teatro-circo-de-marte\/","name":"Payasos en ruta Teatro Circo De Marte - FIC2025","isPartOf":{"@id":"https:\/\/festivalinternacionalclownbaret.com\/#website"},"datePublished":"2024-07-17T11:04:29+00:00","breadcrumb":{"@id":"https:\/\/festivalinternacionalclownbaret.com\/payasos-en-ruta-teatro-circo-de-marte\/#breadcrumb"},"inLanguage":"en-GB","potentialAction":[{"@type":"ReadAction","target":["https:\/\/festivalinternacionalclownbaret.com\/payasos-en-ruta-teatro-circo-de-marte\/"]}]},{"@type":"BreadcrumbList","@id":"https:\/\/festivalinternacionalclownbaret.com\/payasos-en-ruta-teatro-circo-de-marte\/#breadcrumb","itemListElement":[{"@type":"ListItem","position":1,"name":"Portada","item":"https:\/\/festivalinternacionalclownbaret.com\/"},{"@type":"ListItem","position":2,"name":"Payasos en ruta Teatro Circo De Marte"}]},{"@type":"WebSite","@id":"https:\/\/festivalinternacionalclownbaret.com\/#website","url":"https:\/\/festivalinternacionalclownbaret.com\/","name":"FIC2025","description":"19th Clownbaret International Festival","publisher":{"@id":"https:\/\/festivalinternacionalclownbaret.com\/#organization"},"potentialAction":[{"@type":"SearchAction","target":{"@type":"EntryPoint","urlTemplate":"https:\/\/festivalinternacionalclownbaret.com\/?s={search_term_string}"},"query-input":{"@type":"PropertyValueSpecification","valueRequired":true,"valueName":"search_term_string"}}],"inLanguage":"en-GB"},{"@type":"Organization","@id":"https:\/\/festivalinternacionalclownbaret.com\/#organization","name":"FIC2025","url":"https:\/\/festivalinternacionalclownbaret.com\/","logo":{"@type":"ImageObject","inLanguage":"en-GB","@id":"https:\/\/festivalinternacionalclownbaret.com\/#\/schema\/logo\/image\/","url":"","contentUrl":"","caption":"FIC2025"},"image":{"@id":"https:\/\/festivalinternacionalclownbaret.com\/#\/schema\/logo\/image\/"},"sameAs":["https:\/\/www.facebook.com\/FIClownbaret\/"]}]}},"jetpack_likes_enabled":true,"jetpack_sharing_enabled":true,"jetpack_shortlink":"https:\/\/wp.me\/PeY64T-RB","jetpack-related-posts":[{"id":3313,"url":"https:\/\/festivalinternacionalclownbaret.com\/en\/payasos-en-ruta-guia-de-isora\/","url_meta":{"origin":3323,"position":0},"title":"Payasos en ruta Gu\u00eda de Isora","author":"davidujja","date":"17 de July de 2024","format":false,"excerpt":"PAYASOS EN RUTA TENERIFE Descargar programa GU\u00cdA DE ISORA Jueves 3 de octubre. 11:00 45 min VAYA CIRCO (funci\u00f3n escolar) CIRCOBAYA 11:00 - 45 min + 5 a\u00f1os AUDIT. Gu\u00eda de Isora Con m\u00e1s de 500 funciones en una decena de pa\u00edses, Vaya Circo aterriza en el FIC de la\u2026","rel":"","context":"Similar post","block_context":{"text":"Similar post","link":""},"img":{"alt_text":"","src":"","width":0,"height":0},"classes":[]},{"id":3317,"url":"https:\/\/festivalinternacionalclownbaret.com\/en\/payasos-en-ruta-vallehermoso\/","url_meta":{"origin":3323,"position":1},"title":"Payasos en ruta Vallehermoso","author":"davidujja","date":"17 de July de 2024","format":false,"excerpt":"PAYASOS EN RUTA LA GOMERA Descargar programa VALLEHERMOSO Viernes 4 de octubre. 19:00 55 min a taste of vaudeville Thelmo parole 19:00 - 55 min Familiar Teatro Principe Felipe Ese instante es lo \u00fanico que cuenta. Una humilde b\u00fasqueda de la belleza, la fantas\u00eda, la poes\u00eda y la risa. La\u2026","rel":"","context":"Similar post","block_context":{"text":"Similar post","link":""},"img":{"alt_text":"","src":"","width":0,"height":0},"classes":[]},{"id":3327,"url":"https:\/\/festivalinternacionalclownbaret.com\/en\/payasos-en-ruta-teatro-guiniguada\/","url_meta":{"origin":3323,"position":2},"title":"Payasos en ruta Teatro Guiniguada","author":"davidujja","date":"17 de July de 2024","format":false,"excerpt":"Teatro Guiniguada Payasos en Ruta Descargar programa GRAN CANARIA Domingo 13 de octubre. 18:00 60 min Carta Blanca a Julien Cottereau La Compagnie de la Libert\u00e9 18:00 - 60 min + 7 a\u00f1os Teatro Guiniguada Un espect\u00e1culo h\u00edbrido con los mejores momentos de Imagine-Toi y Lune Air, los dos solos\u2026","rel":"","context":"Similar post","block_context":{"text":"Similar post","link":""},"img":{"alt_text":"","src":"","width":0,"height":0},"classes":[]},{"id":3321,"url":"https:\/\/festivalinternacionalclownbaret.com\/en\/payasos-en-ruta-tegueste\/","url_meta":{"origin":3323,"position":3},"title":"Payasos en ruta Tegueste","author":"davidujja","date":"17 de July de 2024","format":false,"excerpt":"PAYASOS EN RUTA TENERIFE Descargar programa Tegueste Domingo 6 de octubre. 19:00 55 min a taste of vaudeville Thelmo parole 19:00 - 55 min Familiar Teatro Principe Felipe Ese instante es lo \u00fanico que cuenta. Una humilde b\u00fasqueda de la belleza, la fantas\u00eda, la poes\u00eda y la risa. La importancia\u2026","rel":"","context":"Similar post","block_context":{"text":"Similar post","link":""},"img":{"alt_text":"","src":"","width":0,"height":0},"classes":[]},{"id":1871,"url":"https:\/\/festivalinternacionalclownbaret.com\/en\/payasos-en-ruta-gran-canaria\/","url_meta":{"origin":3323,"position":4},"title":"Payasos en ruta Gran Canaria","author":"davidujja","date":"17 de September de 2023","format":false,"excerpt":"Teatro Guiniguada Payasos en Ruta Descargar programa GRAN CANARIA Domingo 13 de octubre. 18:00 60 min Carta Blanca a Julien Cottereau La Compagnie de la Libert\u00e9 18:00 - 60 min + 7 a\u00f1os Teatro Guiniguada Un espect\u00e1culo h\u00edbrido con los mejores momentos de Imagine-Toi y Lune Air, los dos solos\u2026","rel":"","context":"Similar post","block_context":{"text":"Similar post","link":""},"img":{"alt_text":"","src":"","width":0,"height":0},"classes":[]},{"id":1852,"url":"https:\/\/festivalinternacionalclownbaret.com\/en\/la-palma\/","url_meta":{"origin":3323,"position":5},"title":"FIC La Palma","author":"davidujja","date":"17 de September de 2023","format":false,"excerpt":"FIC LA PALMA Descargar programa Teatro Circo de Marte Viernes 4 de octubre. 20:00 70 min N'imPORTE quoi Leandre Clown 20:00 - 70 min Familiar Teatro Circo de Marte \u00a1En la calle llueven llaves! N\u2019imPORTE quoi es un espect\u00e1culo po\u00e9tico gestual que nos lleva a los l\u00edmites de la risa,\u2026","rel":"","context":"Similar post","block_context":{"text":"Similar post","link":""},"img":{"alt_text":"","src":"","width":0,"height":0},"classes":[]}],"_links":{"self":[{"href":"https:\/\/festivalinternacionalclownbaret.com\/en\/wp-json\/wp\/v2\/pages\/3323","targetHints":{"allow":["GET"]}}],"collection":[{"href":"https:\/\/festivalinternacionalclownbaret.com\/en\/wp-json\/wp\/v2\/pages"}],"about":[{"href":"https:\/\/festivalinternacionalclownbaret.com\/en\/wp-json\/wp\/v2\/types\/page"}],"author":[{"embeddable":true,"href":"https:\/\/festivalinternacionalclownbaret.com\/en\/wp-json\/wp\/v2\/users\/94859360"}],"replies":[{"embeddable":true,"href":"https:\/\/festivalinternacionalclownbaret.com\/en\/wp-json\/wp\/v2\/comments?post=3323"}],"version-history":[{"count":1,"href":"https:\/\/festivalinternacionalclownbaret.com\/en\/wp-json\/wp\/v2\/pages\/3323\/revisions"}],"predecessor-version":[{"id":3324,"href":"https:\/\/festivalinternacionalclownbaret.com\/en\/wp-json\/wp\/v2\/pages\/3323\/revisions\/3324"}],"wp:attachment":[{"href":"https:\/\/festivalinternacionalclownbaret.com\/en\/wp-json\/wp\/v2\/media?parent=3323"}],"wp:term":[{"taxonomy":"ubicacion","embeddable":true,"href":"https:\/\/festivalinternacionalclownbaret.com\/en\/wp-json\/wp\/v2\/ubicacion?post=3323"}],"curies":[{"name":"wp","href":"https:\/\/api.w.org\/{rel}","templated":true}]}}