{"id":1865,"date":"2023-09-17T06:23:13","date_gmt":"2023-09-17T05:23:13","guid":{"rendered":"https:\/\/festivalinternacionalclownbaret.com\/?page_id=1865"},"modified":"2026-04-19T13:32:22","modified_gmt":"2026-04-19T12:32:22","slug":"payasos-en-ruta-la-gomera","status":"publish","type":"page","link":"https:\/\/festivalinternacionalclownbaret.com\/fr\/payasos-en-ruta-la-gomera\/","title":{"rendered":"Payasos en ruta La Gomera"},"content":{"rendered":"<div data-elementor-type=\"wp-page\" data-elementor-id=\"1865\" class=\"elementor elementor-1865\" data-elementor-post-type=\"page\">\n\t\t\t\t\t\t<section class=\"elementor-section elementor-top-section elementor-element elementor-element-a58babf elementor-section-boxed elementor-section-height-default elementor-section-height-default\" data-id=\"a58babf\" data-element_type=\"section\" data-e-type=\"section\">\n\t\t\t\t\t\t<div class=\"elementor-container elementor-column-gap-default\">\n\t\t\t\t\t<div class=\"elementor-column elementor-col-100 elementor-top-column elementor-element elementor-element-ae224ef\" data-id=\"ae224ef\" data-element_type=\"column\" data-e-type=\"column\">\n\t\t\t<div class=\"elementor-widget-wrap elementor-element-populated\">\n\t\t\t\t\t\t<section class=\"elementor-section elementor-inner-section elementor-element elementor-element-056bec1 elementor-section-full_width elementor-section-height-default elementor-section-height-default\" data-id=\"056bec1\" data-element_type=\"section\" data-e-type=\"section\">\n\t\t\t\t\t\t<div class=\"elementor-container elementor-column-gap-default\">\n\t\t\t\t\t<div class=\"elementor-column elementor-col-50 elementor-inner-column elementor-element elementor-element-f81832a\" data-id=\"f81832a\" data-element_type=\"column\" data-e-type=\"column\">\n\t\t\t<div class=\"elementor-widget-wrap elementor-element-populated\">\n\t\t\t\t\t\t<div class=\"elementor-element elementor-element-d197205 elementor-widget-tablet__width-initial elementor-widget elementor-widget-heading\" data-id=\"d197205\" data-element_type=\"widget\" data-e-type=\"widget\" data-widget_type=\"heading.default\">\n\t\t\t\t<div class=\"elementor-widget-container\">\n\t\t\t\t\t<h2 class=\"elementor-heading-title elementor-size-default\">Fic LA GOMERA<\/h2>\t\t\t\t<\/div>\n\t\t\t\t<\/div>\n\t\t\t\t\t<\/div>\n\t\t<\/div>\n\t\t\t\t<div class=\"elementor-column elementor-col-50 elementor-inner-column elementor-element elementor-element-790fa4a elementor-hidden-desktop elementor-hidden-tablet elementor-hidden-mobile\" data-id=\"790fa4a\" data-element_type=\"column\" data-e-type=\"column\">\n\t\t\t<div class=\"elementor-widget-wrap elementor-element-populated\">\n\t\t\t\t\t\t<div class=\"elementor-element elementor-element-8fdcec4 elementor-align-right elementor-mobile-align-justify elementor-widget elementor-widget-button\" data-id=\"8fdcec4\" data-element_type=\"widget\" data-e-type=\"widget\" data-widget_type=\"button.default\">\n\t\t\t\t<div class=\"elementor-widget-container\">\n\t\t\t\t\t\t\t\t\t<div class=\"elementor-button-wrapper\">\n\t\t\t\t\t<a class=\"elementor-button elementor-button-link elementor-size-sm\" href=\"https:\/\/festivalinternacionalclownbaret.com\/wp-content\/uploads\/2025\/09\/la-gomera-2025.pdf\">\n\t\t\t\t\t\t<span class=\"elementor-button-content-wrapper\">\n\t\t\t\t\t\t<span class=\"elementor-button-icon\">\n\t\t\t\t<i aria-hidden=\"true\" class=\"icon icon-document\"><\/i>\t\t\t<\/span>\n\t\t\t\t\t\t\t\t\t<span class=\"elementor-button-text\">Descargar programa<\/span>\n\t\t\t\t\t<\/span>\n\t\t\t\t\t<\/a>\n\t\t\t\t<\/div>\n\t\t\t\t\t\t\t\t<\/div>\n\t\t\t\t<\/div>\n\t\t\t\t\t<\/div>\n\t\t<\/div>\n\t\t\t\t\t<\/div>\n\t\t<\/section>\n\t\t\t\t\t<\/div>\n\t\t<\/div>\n\t\t\t\t\t<\/div>\n\t\t<\/section>\n\t\t\t\t<section class=\"elementor-section elementor-top-section elementor-element elementor-element-373ef2b elementor-section-boxed elementor-section-height-default elementor-section-height-default\" data-id=\"373ef2b\" data-element_type=\"section\" data-e-type=\"section\" data-settings=\"{&quot;background_background&quot;:&quot;classic&quot;}\">\n\t\t\t\t\t\t<div class=\"elementor-container elementor-column-gap-default\">\n\t\t\t\t\t<div class=\"elementor-column elementor-col-100 elementor-top-column elementor-element elementor-element-c47a077\" data-id=\"c47a077\" data-element_type=\"column\" data-e-type=\"column\">\n\t\t\t<div class=\"elementor-widget-wrap elementor-element-populated\">\n\t\t\t\t\t\t<div class=\"elementor-element elementor-element-16edf3c elementor-align-start elementor-mobile-align-start elementor-icon-list--layout-traditional elementor-list-item-link-full_width elementor-widget elementor-widget-icon-list\" data-id=\"16edf3c\" data-element_type=\"widget\" data-e-type=\"widget\" data-widget_type=\"icon-list.default\">\n\t\t\t\t<div class=\"elementor-widget-container\">\n\t\t\t\t\t\t\t<ul class=\"elementor-icon-list-items\">\n\t\t\t\t\t\t\t<li class=\"elementor-icon-list-item\">\n\t\t\t\t\t\t\t\t\t\t\t<span class=\"elementor-icon-list-icon\">\n\t\t\t\t\t\t\t<i aria-hidden=\"true\" class=\"far fa-calendar-alt\"><\/i>\t\t\t\t\t\t<\/span>\n\t\t\t\t\t\t\t\t\t\t<span class=\"elementor-icon-list-text\">Vendredi 2 octobre<\/span>\n\t\t\t\t\t\t\t\t\t<\/li>\n\t\t\t\t\t\t<\/ul>\n\t\t\t\t\t\t<\/div>\n\t\t\t\t<\/div>\n\t\t\t\t\t<\/div>\n\t\t<\/div>\n\t\t\t\t\t<\/div>\n\t\t<\/section>\n\t\t\t\t<section class=\"elementor-section elementor-top-section elementor-element elementor-element-48be1af elementor-section-boxed elementor-section-height-default elementor-section-height-default\" data-id=\"48be1af\" data-element_type=\"section\" data-e-type=\"section\" data-settings=\"{&quot;background_background&quot;:&quot;classic&quot;}\">\n\t\t\t\t\t\t<div class=\"elementor-container elementor-column-gap-default\">\n\t\t\t\t\t<div class=\"elementor-column elementor-col-50 elementor-top-column elementor-element elementor-element-f42af7b\" data-id=\"f42af7b\" data-element_type=\"column\" data-e-type=\"column\">\n\t\t\t<div class=\"elementor-widget-wrap elementor-element-populated\">\n\t\t\t\t\t\t<div class=\"elementor-element elementor-element-83e9087 elementor-invisible elementor-widget elementor-widget-heading\" data-id=\"83e9087\" data-element_type=\"widget\" data-e-type=\"widget\" data-settings=\"{&quot;_animation&quot;:&quot;fadeInDown&quot;}\" data-widget_type=\"heading.default\">\n\t\t\t\t<div class=\"elementor-widget-container\">\n\t\t\t\t\t<h2 class=\"elementor-heading-title elementor-size-default\">Caricatos<\/h2>\t\t\t\t<\/div>\n\t\t\t\t<\/div>\n\t\t\t\t<div class=\"elementor-element elementor-element-2f5a82b elementor-invisible elementor-widget elementor-widget-heading\" data-id=\"2f5a82b\" data-element_type=\"widget\" data-e-type=\"widget\" data-settings=\"{&quot;_animation&quot;:&quot;fadeInDown&quot;}\" data-widget_type=\"heading.default\">\n\t\t\t\t<div class=\"elementor-widget-container\">\n\t\t\t\t\t<h2 class=\"elementor-heading-title elementor-size-default\">LA BELLE \u00c9COLE<\/h2>\t\t\t\t<\/div>\n\t\t\t\t<\/div>\n\t\t\t\t<div class=\"elementor-element elementor-element-8b36d64 elementor-mobile-align-start elementor-widget-mobile__width-inherit elementor-icon-list--layout-traditional elementor-list-item-link-full_width elementor-widget elementor-widget-icon-list\" data-id=\"8b36d64\" data-element_type=\"widget\" data-e-type=\"widget\" data-widget_type=\"icon-list.default\">\n\t\t\t\t<div class=\"elementor-widget-container\">\n\t\t\t\t\t\t\t<ul class=\"elementor-icon-list-items\">\n\t\t\t\t\t\t\t<li class=\"elementor-icon-list-item\">\n\t\t\t\t\t\t\t\t\t\t\t<span class=\"elementor-icon-list-icon\">\n\t\t\t\t\t\t\t<i aria-hidden=\"true\" class=\"far fa-clock\"><\/i>\t\t\t\t\t\t<\/span>\n\t\t\t\t\t\t\t\t\t\t<span class=\"elementor-icon-list-text\">18:00<\/span>\n\t\t\t\t\t\t\t\t\t<\/li>\n\t\t\t\t\t\t\t\t<li class=\"elementor-icon-list-item\">\n\t\t\t\t\t\t\t\t\t\t\t<span class=\"elementor-icon-list-icon\">\n\t\t\t\t\t\t\t<i aria-hidden=\"true\" class=\"fas fa-hourglass-half\"><\/i>\t\t\t\t\t\t<\/span>\n\t\t\t\t\t\t\t\t\t\t<span class=\"elementor-icon-list-text\">50 minutes<\/span>\n\t\t\t\t\t\t\t\t\t<\/li>\n\t\t\t\t\t\t\t\t<li class=\"elementor-icon-list-item\">\n\t\t\t\t\t\t\t\t\t\t\t<span class=\"elementor-icon-list-icon\">\n\t\t\t\t\t\t\t<i aria-hidden=\"true\" class=\"fas fa-child\"><\/i>\t\t\t\t\t\t<\/span>\n\t\t\t\t\t\t\t\t\t\t<span class=\"elementor-icon-list-text\">Convient \u00e0 tous les publics<\/span>\n\t\t\t\t\t\t\t\t\t<\/li>\n\t\t\t\t\t\t\t\t<li class=\"elementor-icon-list-item\">\n\t\t\t\t\t\t\t\t\t\t\t<span class=\"elementor-icon-list-icon\">\n\t\t\t\t\t\t\t<i aria-hidden=\"true\" class=\"fas fa-map-marker-alt\"><\/i>\t\t\t\t\t\t<\/span>\n\t\t\t\t\t\t\t\t\t\t<span class=\"elementor-icon-list-text\">Plaza de la Constituci\u00f3n. Vallehermoso<\/span>\n\t\t\t\t\t\t\t\t\t<\/li>\n\t\t\t\t\t\t<\/ul>\n\t\t\t\t\t\t<\/div>\n\t\t\t\t<\/div>\n\t\t\t\t\t<\/div>\n\t\t<\/div>\n\t\t\t\t<div class=\"elementor-column elementor-col-50 elementor-top-column elementor-element elementor-element-de81aaf\" data-id=\"de81aaf\" data-element_type=\"column\" data-e-type=\"column\">\n\t\t\t<div class=\"elementor-widget-wrap elementor-element-populated\">\n\t\t\t\t\t\t<div class=\"elementor-element elementor-element-6c2d507 elementor-widget elementor-widget-image\" data-id=\"6c2d507\" data-element_type=\"widget\" data-e-type=\"widget\" data-widget_type=\"image.default\">\n\t\t\t\t<div class=\"elementor-widget-container\">\n\t\t\t\t\t\t\t\t\t\t\t\t\t\t\t<img fetchpriority=\"high\" decoding=\"async\" data-attachment-id=\"8136\" data-permalink=\"https:\/\/festivalinternacionalclownbaret.com\/fr\/companias\/la-belle-ecole-2\/belle-artista-2\/\" data-orig-file=\"https:\/\/festivalinternacionalclownbaret.com\/wp-content\/uploads\/2026\/04\/belle-artista-1.jpg\" data-orig-size=\"1280,853\" data-comments-opened=\"1\" data-image-meta=\"{&quot;aperture&quot;:&quot;0&quot;,&quot;credit&quot;:&quot;&quot;,&quot;camera&quot;:&quot;&quot;,&quot;caption&quot;:&quot;&quot;,&quot;created_timestamp&quot;:&quot;0&quot;,&quot;copyright&quot;:&quot;L&quot;,&quot;focal_length&quot;:&quot;0&quot;,&quot;iso&quot;:&quot;0&quot;,&quot;shutter_speed&quot;:&quot;0&quot;,&quot;title&quot;:&quot;&quot;,&quot;orientation&quot;:&quot;0&quot;}\" data-image-title=\"belle-artista\" data-image-description=\"\" data-image-caption=\"\" data-large-file=\"https:\/\/festivalinternacionalclownbaret.com\/wp-content\/uploads\/2026\/04\/belle-artista-1-1024x682.jpg\" width=\"800\" height=\"533\" src=\"https:\/\/festivalinternacionalclownbaret.com\/wp-content\/uploads\/2026\/04\/belle-artista-1-1024x682.jpg\" class=\"attachment-large size-large wp-image-8136\" alt=\"\" srcset=\"https:\/\/festivalinternacionalclownbaret.com\/wp-content\/uploads\/2026\/04\/belle-artista-1-1024x682.jpg 1024w, https:\/\/festivalinternacionalclownbaret.com\/wp-content\/uploads\/2026\/04\/belle-artista-1-300x200.jpg 300w, https:\/\/festivalinternacionalclownbaret.com\/wp-content\/uploads\/2026\/04\/belle-artista-1-768x512.jpg 768w, https:\/\/festivalinternacionalclownbaret.com\/wp-content\/uploads\/2026\/04\/belle-artista-1-18x12.jpg 18w, https:\/\/festivalinternacionalclownbaret.com\/wp-content\/uploads\/2026\/04\/belle-artista-1.jpg 1280w\" sizes=\"(max-width: 800px) 100vw, 800px\" \/>\t\t\t\t\t\t\t\t\t\t\t\t\t\t\t<\/div>\n\t\t\t\t<\/div>\n\t\t\t\t<div class=\"elementor-element elementor-element-3b98111 elementor-align-justify e-transform elementor-widget elementor-widget-button\" data-id=\"3b98111\" data-element_type=\"widget\" data-e-type=\"widget\" data-settings=\"{&quot;_transform_scale_effect_hover&quot;:{&quot;unit&quot;:&quot;px&quot;,&quot;size&quot;:1.1,&quot;sizes&quot;:[]},&quot;_transform_scale_effect_hover_tablet&quot;:{&quot;unit&quot;:&quot;px&quot;,&quot;size&quot;:&quot;&quot;,&quot;sizes&quot;:[]},&quot;_transform_scale_effect_hover_mobile&quot;:{&quot;unit&quot;:&quot;px&quot;,&quot;size&quot;:&quot;&quot;,&quot;sizes&quot;:[]}}\" data-widget_type=\"button.default\">\n\t\t\t\t<div class=\"elementor-widget-container\">\n\t\t\t\t\t\t\t\t\t<div class=\"elementor-button-wrapper\">\n\t\t\t\t\t<a class=\"elementor-button elementor-button-link elementor-size-sm\" href=\"https:\/\/festivalinternacionalclownbaret.com\/fr\/companias\/la-belle-ecole-2\/\">\n\t\t\t\t\t\t<span class=\"elementor-button-content-wrapper\">\n\t\t\t\t\t\t\t\t\t<span class=\"elementor-button-text\">Voir plus<\/span>\n\t\t\t\t\t<\/span>\n\t\t\t\t\t<\/a>\n\t\t\t\t<\/div>\n\t\t\t\t\t\t\t\t<\/div>\n\t\t\t\t<\/div>\n\t\t\t\t\t<\/div>\n\t\t<\/div>\n\t\t\t\t\t<\/div>\n\t\t<\/section>\n\t\t\t\t<\/div>","protected":false},"excerpt":{"rendered":"<p>Fic LA GOMERA Descargar programa Viernes 2 de octubre Caricatos LA BELLE \u00c9COLE 18:00 50 minutos Todos los p\u00fablicos Plaza de la Constituci\u00f3n. Vallehermoso Ver m\u00e1s<\/p>","protected":false},"author":94859360,"featured_media":0,"parent":0,"menu_order":26,"comment_status":"closed","ping_status":"closed","template":"elementor_header_footer","meta":{"_crdt_document":"","footnotes":""},"ubicacion":[],"class_list":["post-1865","page","type-page","status-publish","hentry"],"yoast_head":"<!-- This site is optimized with the Yoast SEO plugin v27.4 - https:\/\/yoast.com\/product\/yoast-seo-wordpress\/ -->\n<title>Payasos en ruta La Gomera - FIC2026<\/title>\n<meta name=\"robots\" content=\"index, follow, max-snippet:-1, max-image-preview:large, max-video-preview:-1\" \/>\n<link rel=\"canonical\" href=\"https:\/\/festivalinternacionalclownbaret.com\/fr\/payasos-en-ruta-la-gomera\/\" \/>\n<meta property=\"og:locale\" content=\"fr_FR\" \/>\n<meta property=\"og:type\" content=\"article\" \/>\n<meta property=\"og:title\" content=\"Payasos en ruta La Gomera - FIC2026\" \/>\n<meta property=\"og:description\" content=\"Fic LA GOMERA Descargar programa Viernes 2 de octubre Caricatos LA BELLE \u00c9COLE 18:00 50 minutos Todos los p\u00fablicos Plaza de la Constituci\u00f3n. Vallehermoso Ver m\u00e1s\" \/>\n<meta property=\"og:url\" content=\"https:\/\/festivalinternacionalclownbaret.com\/fr\/payasos-en-ruta-la-gomera\/\" \/>\n<meta property=\"og:site_name\" content=\"FIC2026\" \/>\n<meta property=\"article:publisher\" content=\"https:\/\/www.facebook.com\/FIClownbaret\/\" \/>\n<meta property=\"article:modified_time\" content=\"2026-04-19T12:32:22+00:00\" \/>\n<meta property=\"og:image\" content=\"https:\/\/festivalinternacionalclownbaret.com\/wp-content\/uploads\/2026\/04\/belle-artista-1-1024x682.jpg\" \/>\n<meta name=\"twitter:card\" content=\"summary_large_image\" \/>\n<meta name=\"twitter:label1\" content=\"Dur\u00e9e de lecture estim\u00e9e\" \/>\n\t<meta name=\"twitter:data1\" content=\"1 minute\" \/>\n<script type=\"application\/ld+json\" class=\"yoast-schema-graph\">{\"@context\":\"https:\\\/\\\/schema.org\",\"@graph\":[{\"@type\":\"WebPage\",\"@id\":\"https:\\\/\\\/festivalinternacionalclownbaret.com\\\/payasos-en-ruta-la-gomera\\\/\",\"url\":\"https:\\\/\\\/festivalinternacionalclownbaret.com\\\/payasos-en-ruta-la-gomera\\\/\",\"name\":\"Payasos en ruta La Gomera - FIC2026\",\"isPartOf\":{\"@id\":\"https:\\\/\\\/festivalinternacionalclownbaret.com\\\/#website\"},\"primaryImageOfPage\":{\"@id\":\"https:\\\/\\\/festivalinternacionalclownbaret.com\\\/payasos-en-ruta-la-gomera\\\/#primaryimage\"},\"image\":{\"@id\":\"https:\\\/\\\/festivalinternacionalclownbaret.com\\\/payasos-en-ruta-la-gomera\\\/#primaryimage\"},\"thumbnailUrl\":\"https:\\\/\\\/festivalinternacionalclownbaret.com\\\/wp-content\\\/uploads\\\/2026\\\/04\\\/belle-artista-1-1024x682.jpg\",\"datePublished\":\"2023-09-17T05:23:13+00:00\",\"dateModified\":\"2026-04-19T12:32:22+00:00\",\"breadcrumb\":{\"@id\":\"https:\\\/\\\/festivalinternacionalclownbaret.com\\\/payasos-en-ruta-la-gomera\\\/#breadcrumb\"},\"inLanguage\":\"fr-FR\",\"potentialAction\":[{\"@type\":\"ReadAction\",\"target\":[\"https:\\\/\\\/festivalinternacionalclownbaret.com\\\/payasos-en-ruta-la-gomera\\\/\"]}]},{\"@type\":\"ImageObject\",\"inLanguage\":\"fr-FR\",\"@id\":\"https:\\\/\\\/festivalinternacionalclownbaret.com\\\/payasos-en-ruta-la-gomera\\\/#primaryimage\",\"url\":\"https:\\\/\\\/festivalinternacionalclownbaret.com\\\/wp-content\\\/uploads\\\/2026\\\/04\\\/belle-artista-1-1024x682.jpg\",\"contentUrl\":\"https:\\\/\\\/festivalinternacionalclownbaret.com\\\/wp-content\\\/uploads\\\/2026\\\/04\\\/belle-artista-1-1024x682.jpg\"},{\"@type\":\"BreadcrumbList\",\"@id\":\"https:\\\/\\\/festivalinternacionalclownbaret.com\\\/payasos-en-ruta-la-gomera\\\/#breadcrumb\",\"itemListElement\":[{\"@type\":\"ListItem\",\"position\":1,\"name\":\"Portada\",\"item\":\"https:\\\/\\\/festivalinternacionalclownbaret.com\\\/\"},{\"@type\":\"ListItem\",\"position\":2,\"name\":\"Payasos en ruta La Gomera\"}]},{\"@type\":\"WebSite\",\"@id\":\"https:\\\/\\\/festivalinternacionalclownbaret.com\\\/#website\",\"url\":\"https:\\\/\\\/festivalinternacionalclownbaret.com\\\/\",\"name\":\"FIC2026\",\"description\":\"XIX Festival Internacional Clownbaret\",\"publisher\":{\"@id\":\"https:\\\/\\\/festivalinternacionalclownbaret.com\\\/#organization\"},\"potentialAction\":[{\"@type\":\"SearchAction\",\"target\":{\"@type\":\"EntryPoint\",\"urlTemplate\":\"https:\\\/\\\/festivalinternacionalclownbaret.com\\\/?s={search_term_string}\"},\"query-input\":{\"@type\":\"PropertyValueSpecification\",\"valueRequired\":true,\"valueName\":\"search_term_string\"}}],\"inLanguage\":\"fr-FR\"},{\"@type\":\"Organization\",\"@id\":\"https:\\\/\\\/festivalinternacionalclownbaret.com\\\/#organization\",\"name\":\"FIC2026\",\"url\":\"https:\\\/\\\/festivalinternacionalclownbaret.com\\\/\",\"logo\":{\"@type\":\"ImageObject\",\"inLanguage\":\"fr-FR\",\"@id\":\"https:\\\/\\\/festivalinternacionalclownbaret.com\\\/#\\\/schema\\\/logo\\\/image\\\/\",\"url\":\"\",\"contentUrl\":\"\",\"caption\":\"FIC2026\"},\"image\":{\"@id\":\"https:\\\/\\\/festivalinternacionalclownbaret.com\\\/#\\\/schema\\\/logo\\\/image\\\/\"},\"sameAs\":[\"https:\\\/\\\/www.facebook.com\\\/FIClownbaret\\\/\"]}]}<\/script>\n<!-- \/ Yoast SEO plugin. -->","yoast_head_json":{"title":"Payasos en ruta La Gomera - FIC2026","robots":{"index":"index","follow":"follow","max-snippet":"max-snippet:-1","max-image-preview":"max-image-preview:large","max-video-preview":"max-video-preview:-1"},"canonical":"https:\/\/festivalinternacionalclownbaret.com\/fr\/payasos-en-ruta-la-gomera\/","og_locale":"fr_FR","og_type":"article","og_title":"Payasos en ruta La Gomera - FIC2026","og_description":"Fic LA GOMERA Descargar programa Viernes 2 de octubre Caricatos LA BELLE \u00c9COLE 18:00 50 minutos Todos los p\u00fablicos Plaza de la Constituci\u00f3n. Vallehermoso Ver m\u00e1s","og_url":"https:\/\/festivalinternacionalclownbaret.com\/fr\/payasos-en-ruta-la-gomera\/","og_site_name":"FIC2026","article_publisher":"https:\/\/www.facebook.com\/FIClownbaret\/","article_modified_time":"2026-04-19T12:32:22+00:00","og_image":[{"url":"https:\/\/festivalinternacionalclownbaret.com\/wp-content\/uploads\/2026\/04\/belle-artista-1-1024x682.jpg","type":"","width":"","height":""}],"twitter_card":"summary_large_image","twitter_misc":{"Dur\u00e9e de lecture estim\u00e9e":"1 minute"},"schema":{"@context":"https:\/\/schema.org","@graph":[{"@type":"WebPage","@id":"https:\/\/festivalinternacionalclownbaret.com\/payasos-en-ruta-la-gomera\/","url":"https:\/\/festivalinternacionalclownbaret.com\/payasos-en-ruta-la-gomera\/","name":"Payasos en ruta La Gomera - FIC2026","isPartOf":{"@id":"https:\/\/festivalinternacionalclownbaret.com\/#website"},"primaryImageOfPage":{"@id":"https:\/\/festivalinternacionalclownbaret.com\/payasos-en-ruta-la-gomera\/#primaryimage"},"image":{"@id":"https:\/\/festivalinternacionalclownbaret.com\/payasos-en-ruta-la-gomera\/#primaryimage"},"thumbnailUrl":"https:\/\/festivalinternacionalclownbaret.com\/wp-content\/uploads\/2026\/04\/belle-artista-1-1024x682.jpg","datePublished":"2023-09-17T05:23:13+00:00","dateModified":"2026-04-19T12:32:22+00:00","breadcrumb":{"@id":"https:\/\/festivalinternacionalclownbaret.com\/payasos-en-ruta-la-gomera\/#breadcrumb"},"inLanguage":"fr-FR","potentialAction":[{"@type":"ReadAction","target":["https:\/\/festivalinternacionalclownbaret.com\/payasos-en-ruta-la-gomera\/"]}]},{"@type":"ImageObject","inLanguage":"fr-FR","@id":"https:\/\/festivalinternacionalclownbaret.com\/payasos-en-ruta-la-gomera\/#primaryimage","url":"https:\/\/festivalinternacionalclownbaret.com\/wp-content\/uploads\/2026\/04\/belle-artista-1-1024x682.jpg","contentUrl":"https:\/\/festivalinternacionalclownbaret.com\/wp-content\/uploads\/2026\/04\/belle-artista-1-1024x682.jpg"},{"@type":"BreadcrumbList","@id":"https:\/\/festivalinternacionalclownbaret.com\/payasos-en-ruta-la-gomera\/#breadcrumb","itemListElement":[{"@type":"ListItem","position":1,"name":"Portada","item":"https:\/\/festivalinternacionalclownbaret.com\/"},{"@type":"ListItem","position":2,"name":"Payasos en ruta La Gomera"}]},{"@type":"WebSite","@id":"https:\/\/festivalinternacionalclownbaret.com\/#website","url":"https:\/\/festivalinternacionalclownbaret.com\/","name":"FIC2026","description":"XIX Festival Internacional Clownbaret","publisher":{"@id":"https:\/\/festivalinternacionalclownbaret.com\/#organization"},"potentialAction":[{"@type":"SearchAction","target":{"@type":"EntryPoint","urlTemplate":"https:\/\/festivalinternacionalclownbaret.com\/?s={search_term_string}"},"query-input":{"@type":"PropertyValueSpecification","valueRequired":true,"valueName":"search_term_string"}}],"inLanguage":"fr-FR"},{"@type":"Organization","@id":"https:\/\/festivalinternacionalclownbaret.com\/#organization","name":"FIC2026","url":"https:\/\/festivalinternacionalclownbaret.com\/","logo":{"@type":"ImageObject","inLanguage":"fr-FR","@id":"https:\/\/festivalinternacionalclownbaret.com\/#\/schema\/logo\/image\/","url":"","contentUrl":"","caption":"FIC2026"},"image":{"@id":"https:\/\/festivalinternacionalclownbaret.com\/#\/schema\/logo\/image\/"},"sameAs":["https:\/\/www.facebook.com\/FIClownbaret\/"]}]}},"jetpack_likes_enabled":true,"jetpack_sharing_enabled":true,"jetpack_shortlink":"https:\/\/wp.me\/PeY64T-u5","jetpack-related-posts":[{"id":3317,"url":"https:\/\/festivalinternacionalclownbaret.com\/fr\/payasos-en-ruta-vallehermoso\/","url_meta":{"origin":1865,"position":0},"title":"Payasos en ruta Vallehermoso","author":"davidujja","date":"17 de juillet de 2024","format":false,"excerpt":"PAYASOS EN RUTA LA GOMERA Descargar programa VALLEHERMOSO Viernes 4 de octubre. 19:00 55 min a taste of vaudeville Thelmo parole 19:00 - 55 min Familiar Teatro Principe Felipe Ese instante es lo \u00fanico que cuenta. Una humilde b\u00fasqueda de la belleza, la fantas\u00eda, la poes\u00eda y la risa. La\u2026","rel":"","context":"Article similaire","block_context":{"text":"Article similaire","link":""},"img":{"alt_text":"","src":"","width":0,"height":0},"classes":[]},{"id":517,"url":"https:\/\/festivalinternacionalclownbaret.com\/fr\/programa\/","url_meta":{"origin":1865,"position":1},"title":"Programme","author":"davidujja","date":"17 de septembre de 2023","format":false,"excerpt":"PrOgRaMa CoMpLeTo Descargar programa 2 de octubre Hora Espect\u00e1culo Compa\u00f1\u00eda Espacio Ficha 18:00 Caricatos La Belle \u00c9cole Plaza de la Constituci\u00f3n, Vallehermoso M\u00e1s informaci\u00f3n 19:00 Wooooow! La Churry Plaza Norberto Garc\u00eda, Santiago del Teide M\u00e1s informaci\u00f3n 19:00 D\u00fao Ol\u00e9 Paul Morocco Plaza Salytien, Costa Adeje M\u00e1s informaci\u00f3n 19:30 Ricky, el\u2026","rel":"","context":"Article similaire","block_context":{"text":"Article similaire","link":""},"img":{"alt_text":"","src":"https:\/\/i0.wp.com\/festivalinternacionalclownbaret.com\/wp-content\/uploads\/2024\/07\/familia.png?resize=350%2C200&ssl=1","width":350,"height":200},"classes":[]},{"id":141,"url":"https:\/\/festivalinternacionalclownbaret.com\/fr\/el-festival\/","url_meta":{"origin":1865,"position":2},"title":"Le Festival","author":"davidujja","date":"3 de ao\u00fbt de 2023","format":false,"excerpt":"El FeStIvAl FIC 2026 La vig\u00e9sima edici\u00f3n del Festival Internacional Clownbaret, FIC 2026 regresa a Canarias del 28 de septiembre al 11 de octubre con una programaci\u00f3n extraordinaria con 17 compa\u00f1\u00edas y artistas de primer nivel internacional. Un total de 74 funciones y actividades que te invitan a descubrir, sentir\u2026","rel":"","context":"Article similaire","block_context":{"text":"Article similaire","link":""},"img":{"alt_text":"","src":"https:\/\/i0.wp.com\/festivalinternacionalclownbaret.com\/wp-content\/uploads\/2025\/07\/payasetes-02-1024x983.png?resize=350%2C200&ssl=1","width":350,"height":200,"srcset":"https:\/\/i0.wp.com\/festivalinternacionalclownbaret.com\/wp-content\/uploads\/2025\/07\/payasetes-02-1024x983.png?resize=350%2C200&ssl=1 1x, https:\/\/i0.wp.com\/festivalinternacionalclownbaret.com\/wp-content\/uploads\/2025\/07\/payasetes-02-1024x983.png?resize=525%2C300&ssl=1 1.5x, https:\/\/i0.wp.com\/festivalinternacionalclownbaret.com\/wp-content\/uploads\/2025\/07\/payasetes-02-1024x983.png?resize=700%2C400&ssl=1 2x"},"classes":[]}],"_links":{"self":[{"href":"https:\/\/festivalinternacionalclownbaret.com\/fr\/wp-json\/wp\/v2\/pages\/1865","targetHints":{"allow":["GET"]}}],"collection":[{"href":"https:\/\/festivalinternacionalclownbaret.com\/fr\/wp-json\/wp\/v2\/pages"}],"about":[{"href":"https:\/\/festivalinternacionalclownbaret.com\/fr\/wp-json\/wp\/v2\/types\/page"}],"author":[{"embeddable":true,"href":"https:\/\/festivalinternacionalclownbaret.com\/fr\/wp-json\/wp\/v2\/users\/94859360"}],"replies":[{"embeddable":true,"href":"https:\/\/festivalinternacionalclownbaret.com\/fr\/wp-json\/wp\/v2\/comments?post=1865"}],"version-history":[{"count":100,"href":"https:\/\/festivalinternacionalclownbaret.com\/fr\/wp-json\/wp\/v2\/pages\/1865\/revisions"}],"predecessor-version":[{"id":8149,"href":"https:\/\/festivalinternacionalclownbaret.com\/fr\/wp-json\/wp\/v2\/pages\/1865\/revisions\/8149"}],"wp:attachment":[{"href":"https:\/\/festivalinternacionalclownbaret.com\/fr\/wp-json\/wp\/v2\/media?parent=1865"}],"wp:term":[{"taxonomy":"ubicacion","embeddable":true,"href":"https:\/\/festivalinternacionalclownbaret.com\/fr\/wp-json\/wp\/v2\/ubicacion?post=1865"}],"curies":[{"name":"wp","href":"https:\/\/api.w.org\/{rel}","templated":true}]}}